{"id":360,"date":"2024-05-09T01:56:37","date_gmt":"2024-05-09T01:56:37","guid":{"rendered":"https:\/\/oroscents.com\/?post_type=product&#038;p=360"},"modified":"2025-06-10T17:09:05","modified_gmt":"2025-06-10T17:09:05","slug":"vela-personalizada","status":"publish","type":"product","link":"https:\/\/oroscents.com\/index.php\/product\/vela-personalizada\/","title":{"rendered":"Vela personalizada"},"content":{"rendered":"<p>una vela artesanal y decorativa, presentada en un envoltorio creativo. La vela, con forma de flor en tono rosa suave, est\u00e1 incrustada en un bouquet de peque\u00f1as flores secas de color blanco, que sobresalen delicadamente alrededor de ella. Todo est\u00e1 contenido en un cono de papel kraft, atado con una cinta satinada de color oro, que a\u00f1ade un toque de elegancia al conjunto. Adem\u00e1s, se adjunta una tarjeta negra con el logotipo dorado de \u201cOro Scents\u201d<\/p>\n","protected":false},"excerpt":{"rendered":"<p>una vela artesanal y decorativa, presentada en un envoltorio creativo. La vela, con forma de flor en tono rosa suave, est\u00e1 incrustada en un bouquet de peque\u00f1as flores secas de color blanco, que sobresalen delicadamente alrededor de ella. Todo est\u00e1 contenido en un cono de papel kraft, atado con una cinta satinada de color oro, [&hellip;]<\/p>\n","protected":false},"featured_media":374,"comment_status":"open","ping_status":"closed","template":"","meta":{"inline_featured_image":false},"product_cat":[40],"product_tag":[],"_links":{"self":[{"href":"https:\/\/oroscents.com\/index.php\/wp-json\/wp\/v2\/product\/360"}],"collection":[{"href":"https:\/\/oroscents.com\/index.php\/wp-json\/wp\/v2\/product"}],"about":[{"href":"https:\/\/oroscents.com\/index.php\/wp-json\/wp\/v2\/types\/product"}],"replies":[{"embeddable":true,"href":"https:\/\/oroscents.com\/index.php\/wp-json\/wp\/v2\/comments?post=360"}],"wp:featuredmedia":[{"embeddable":true,"href":"https:\/\/oroscents.com\/index.php\/wp-json\/wp\/v2\/media\/374"}],"wp:attachment":[{"href":"https:\/\/oroscents.com\/index.php\/wp-json\/wp\/v2\/media?parent=360"}],"wp:term":[{"taxonomy":"product_cat","embeddable":true,"href":"https:\/\/oroscents.com\/index.php\/wp-json\/wp\/v2\/product_cat?post=360"},{"taxonomy":"product_tag","embeddable":true,"href":"https:\/\/oroscents.com\/index.php\/wp-json\/wp\/v2\/product_tag?post=360"}],"curies":[{"name":"wp","href":"https:\/\/api.w.org\/{rel}","templated":true}]}}