{"id":5768,"date":"2025-04-26T18:16:37","date_gmt":"2025-04-26T18:16:37","guid":{"rendered":"https:\/\/oroscents.com\/?post_type=product&#038;p=5768"},"modified":"2025-08-12T21:27:10","modified_gmt":"2025-08-12T21:27:10","slug":"aceites-azure-inspirado-en-blue-chanel-200ml","status":"publish","type":"product","link":"https:\/\/oroscents.com\/index.php\/product\/aceites-azure-inspirado-en-blue-chanel-200ml\/","title":{"rendered":"Aceites: Azure inspirado en Blue, Chanel"},"content":{"rendered":"<p><span style=\"vertical-align: inherit;\">Azure inspirado en Blue, Chanel <\/span><br \/>\n<span style=\"vertical-align: inherit;\">Tapa: pomelo, lim\u00f3n, menta, pimienta rosa <\/span><br \/>\n<span style=\"vertical-align: inherit;\">Medio: jengibre, nuez moscada, jazm\u00edn, amaterone <\/span><br \/>\n<span style=\"vertical-align: inherit;\">Base: incienso, vetiver, cedro, s\u00e1ndalo, pachul\u00ed, l\u00e1dano, almizcle<\/span><\/p>\n","protected":false},"excerpt":{"rendered":"<p>Azure inspirado en Blue, Chanel Tapa: pomelo, lim\u00f3n, menta, pimienta rosa Medio: jengibre, nuez moscada, jazm\u00edn, amaterone Base: incienso, vetiver, cedro, s\u00e1ndalo, pachul\u00ed, l\u00e1dano, almizcle<\/p>\n","protected":false},"featured_media":5829,"comment_status":"open","ping_status":"closed","template":"","meta":{"inline_featured_image":false},"product_cat":[126],"product_tag":[],"_links":{"self":[{"href":"https:\/\/oroscents.com\/index.php\/wp-json\/wp\/v2\/product\/5768"}],"collection":[{"href":"https:\/\/oroscents.com\/index.php\/wp-json\/wp\/v2\/product"}],"about":[{"href":"https:\/\/oroscents.com\/index.php\/wp-json\/wp\/v2\/types\/product"}],"replies":[{"embeddable":true,"href":"https:\/\/oroscents.com\/index.php\/wp-json\/wp\/v2\/comments?post=5768"}],"wp:featuredmedia":[{"embeddable":true,"href":"https:\/\/oroscents.com\/index.php\/wp-json\/wp\/v2\/media\/5829"}],"wp:attachment":[{"href":"https:\/\/oroscents.com\/index.php\/wp-json\/wp\/v2\/media?parent=5768"}],"wp:term":[{"taxonomy":"product_cat","embeddable":true,"href":"https:\/\/oroscents.com\/index.php\/wp-json\/wp\/v2\/product_cat?post=5768"},{"taxonomy":"product_tag","embeddable":true,"href":"https:\/\/oroscents.com\/index.php\/wp-json\/wp\/v2\/product_tag?post=5768"}],"curies":[{"name":"wp","href":"https:\/\/api.w.org\/{rel}","templated":true}]}}